{"id":1577,"date":"2023-01-04T23:45:46","date_gmt":"2023-01-04T20:45:46","guid":{"rendered":"http:\/\/iatels.com\/?page_id=1577"},"modified":"2023-01-04T23:53:27","modified_gmt":"2023-01-04T20:53:27","slug":"confidentiality-agreement","status":"publish","type":"page","link":"http:\/\/iatels.com\/index.php\/confidentiality-agreement\/","title":{"rendered":"CONFIDENTIALITY AGREEMENT"},"content":{"rendered":"\n<p><\/p>\n\n\n\n<p style=\"text-align:left\"><strong>Confidentiality Agreement<\/strong><\/p>\n\n\n\n<p>This Confidentiality agreement (the \u201cAgreement\u201d) is entered into by and between STARTINFORUM Uluslararas\u0131 Dan\u0131\u015fmanl\u0131k Ticaret LTD \u015eirketi, located in Tabaklar Mah., Cumhuriyet Cad., 32, Inci I\u015f Merkezi, 32 \/ 23, Bolu, Turkey<\/p>\n\n\n\n<p>and _______________________________________________________________________&nbsp;&nbsp;<em>[insert your full name, affiliation, and address]&nbsp;<\/em><\/p>\n\n\n\n<p>collectively referred to as the \u201cparties\u201d for the purpose of preventing the unauthorized disclosure of Confidential Information as defined below.&nbsp;<\/p>\n\n\n\n<p>The parties agree to enter into a confidential relationship with respect to the disclosure by one or each (the \u201cDisclosing Party\u201d) to the other (the \u201cReceiving Party\u201d) of certain proprietary and confidential information (the \u201cConfidential Information\u201d).<\/p>\n\n\n\n<p>1.&nbsp;<strong>Definition of Confidential Information.<\/strong>&nbsp;For purposes of this Agreement, \u201cConfidential Information\u201d shall include all information or material that has or could have commercial value or other utility in the business in which Disclosing Party is engaged. If Confidential Information is in written form, the Disclosing Party shall label or stamp the materials with the word \u201cConfidential\u201d or some similar warning. If Confidential Information is transmitted orally, the Disclosing Party shall promptly provide a writing indicating that such oral communication constituted Confidential Information.<\/p>\n\n\n\n<p>2.&nbsp;<strong>Exclusions from Confidential Information.<\/strong>&nbsp;Receiving Party\u2019s obligations under this Agreement do not extend to information that is: (a) publicly known at the time of disclosure or subsequently becomes publicly known through no fault of the Receiving Party; (b) discovered or created by the Receiving Party before disclosure by Disclosing Party; (c) learned by the Receiving Party through legitimate means other than from the Disclosing Party or Disclosing Party\u2019s representatives; or (d) is disclosed by Receiving Party with Disclosing Party\u2019s prior written approval.<\/p>\n\n\n\n<p>3.&nbsp;<strong>Obligations of Receiving Party.<\/strong>&nbsp;Receiving Party shall hold and maintain the Confidential Information in strictest confidence for the sole and exclusive benefit of the Disclosing Party. Receiving Party shall carefully restrict access to Confidential Information to employees, contractors, and third parties as is reasonably required and shall require those persons to sign nondisclosure restrictions at least as protective as those in this Agreement. Receiving Party shall not, without prior written approval of Disclosing Party, use for Receiving Party\u2019s own benefit, publish, copy, or otherwise disclose to others, or permit the use by others for their benefit or to the detriment of Disclosing Party, any Confidential Information. Receiving Party shall return to Disclosing Party any and all records, notes, and other written, printed, or tangible materials in its possession pertaining to Confidential Information immediately if Disclosing Party requests it in writing.<\/p>\n\n\n\n<p>4.&nbsp;<strong>Time Periods.<\/strong>&nbsp;The nondisclosure provisions of this Agreement shall survive the termination of this Agreement and Receiving Party\u2019s duty to hold Confidential Information in confidence shall remain in effect until the Confidential Information no longer qualifies as a trade secret or until Disclosing Party sends Receiving Party written notice releasing Receiving Party from this Agreement, whichever occurs first.<\/p>\n\n\n\n<p>5.&nbsp;<strong>Relationships.<\/strong>&nbsp;Nothing contained in this Agreement shall be deemed to constitute either party a partner, joint venturer or employee of the other party for any purpose.<\/p>\n\n\n\n<p>6.&nbsp;<strong>Severability.<\/strong>&nbsp;If a court finds any provision of this Agreement invalid or unenforceable, the remainder of this Agreement shall be interpreted so as best to effect the intent of the parties.<\/p>\n\n\n\n<p>7.&nbsp;<strong>Integration.<\/strong>&nbsp;This Agreement expresses the complete understanding of the parties with respect to the subject matter and supersedes all prior proposals, agreements, representations, and understandings. This Agreement may not be amended except in a writing signed by both parties.<\/p>\n\n\n\n<p>8.&nbsp;<strong>Waiver.<\/strong>&nbsp;The failure to exercise any right provided in this Agreement shall not be a waiver of prior or subsequent rights.<\/p>\n\n\n\n<p>This Agreement and each party\u2019s obligations shall be binding on the representatives, assigns, and successors of such party. Each party has signed this Agreement through its authorized representative.<\/p>\n\n\n\n<p><div class=\"everest-forms\"><div class=\"evf-container default\" id=\"evf-1583\"><form id=\"evf-form-1583\" class=\"everest-form\" data-formid=\"1583\" data-ajax_submission=\"0\" data-keyboard_friendly_form=\"0\" method=\"post\" enctype=\"multipart\/form-data\" action=\"\/index.php\/wp-json\/wp\/v2\/pages\/1577\"><div class=\"evf-field-container\"><input type=\"hidden\" id=\"_wpnonce1583\" name=\"_wpnonce1583\" value=\"152ce1acf4\" \/><input type=\"hidden\" name=\"_wp_http_referer\" value=\"\/index.php\/wp-json\/wp\/v2\/pages\/1577\" \/><div class=\"evf-frontend-row\" data-row=\"row_1\" conditional_rules=\"[]\"><div class=\"evf-frontend-grid evf-grid-1\" data-grid=\"grid_1\"><div id=\"evf-1583-field_fullname-container\" class=\"evf-field evf-field-text form-row validate-required\" data-required-field-message=\"This field is required.\" data-field-id=\"fullname\"><label class=\"evf-field-label\" for=\"evf-1583-field_fullname\"><span class=\"evf-label\">Full Name<\/span> <abbr class=\"required\" title=\"Required\">*<\/abbr><\/label><input type=\"text\" id=\"evf-1583-field_fullname\" class=\"input-text\" name=\"everest_forms[form_fields][fullname]\" required><\/div><div id=\"evf-1583-field_ZSSNf3Glx8-1-container\" class=\"evf-field evf-field-text form-row validate-required\" data-required-field-message=\"This field is required.\" data-field-id=\"ZSSNf3Glx8-1\"><label class=\"evf-field-label\" for=\"evf-1583-field_ZSSNf3Glx8-1\"><span class=\"evf-label\">Affiliation<\/span> <abbr class=\"required\" title=\"Required\">*<\/abbr><\/label><input type=\"text\" id=\"evf-1583-field_ZSSNf3Glx8-1\" class=\"input-text\" name=\"everest_forms[form_fields][ZSSNf3Glx8-1]\" required><\/div><div id=\"evf-1583-field_sgh6Em30O0-2-container\" class=\"evf-field evf-field-text form-row validate-required\" data-required-field-message=\"This field is required.\" data-field-id=\"sgh6Em30O0-2\"><label class=\"evf-field-label\" for=\"evf-1583-field_sgh6Em30O0-2\"><span class=\"evf-label\">Title<\/span> <abbr class=\"required\" title=\"Required\">*<\/abbr><\/label><input type=\"text\" id=\"evf-1583-field_sgh6Em30O0-2\" class=\"input-text\" name=\"everest_forms[form_fields][sgh6Em30O0-2]\" required><\/div><div id=\"evf-1583-field_email-container\" class=\"evf-field evf-field-email form-row validate-required validate-email\" data-required-field-message=\"Please enter a valid email address.\" data-field-id=\"email\"><label class=\"evf-field-label\" for=\"evf-1583-field_email\"><span class=\"evf-label\">Email<\/span> <abbr class=\"required\" title=\"Required\">*<\/abbr><\/label><input type=\"email\" id=\"evf-1583-field_email\" class=\"input-text\" name=\"everest_forms[form_fields][email]\" required ><\/div><div id=\"evf-1583-field_subject-container\" class=\"evf-field evf-field-text form-row validate-required\" data-required-field-message=\"This field is required.\" data-field-id=\"subject\"><label class=\"evf-field-label\" for=\"evf-1583-field_subject\"><span class=\"evf-label\">Address (Street, House, City, Country)<\/span> <abbr class=\"required\" title=\"Required\">*<\/abbr><\/label><input type=\"text\" id=\"evf-1583-field_subject\" class=\"input-text\" name=\"everest_forms[form_fields][subject]\" required><\/div><\/div><\/div><\/div><div class=\"evf-honeypot-container evf-field-hp\"><label for=\"evf-1583-field-hp\" class=\"evf-field-label\">Website<\/label><input type=\"text\" name=\"everest_forms[hp]\" id=\"evf-1583-field-hp\" class=\"input-text\"><\/div><div class=\"evf-submit-container \" ><input type=\"hidden\" name=\"everest_forms[id]\" value=\"1583\"><input type=\"hidden\" name=\"everest_forms[author]\" value=\"1\"><button type='submit' name='everest_forms[submit]' class='everest-forms-submit-button button evf-submit ' id='evf-submit-1583' value='evf-submit' data-process-text=\"Processing\u2026\" conditional_rules='&quot;&quot;' conditional_id='evf-submit-1583'  id=\"evf-submit-1583\" aria-live=\"assertive\">Submit<\/button><\/div><\/form><\/div><!-- .evf-container --><\/div><br><\/p>\n","protected":false},"excerpt":{"rendered":"<p>Confidentiality Agreement This Confidentiality agreement (the \u201cAgreement\u201d) is entered into by and between STARTINFORUM Uluslararas\u0131 Dan\u0131\u015fmanl\u0131k Ticaret LTD \u015eirketi, located<\/p>\n","protected":false},"author":1,"featured_media":0,"parent":0,"menu_order":0,"comment_status":"closed","ping_status":"closed","template":"","meta":{"_mo_disable_npp":"","footnotes":""},"class_list":["post-1577","page","type-page","status-publish","hentry"],"_links":{"self":[{"href":"http:\/\/iatels.com\/index.php\/wp-json\/wp\/v2\/pages\/1577"}],"collection":[{"href":"http:\/\/iatels.com\/index.php\/wp-json\/wp\/v2\/pages"}],"about":[{"href":"http:\/\/iatels.com\/index.php\/wp-json\/wp\/v2\/types\/page"}],"author":[{"embeddable":true,"href":"http:\/\/iatels.com\/index.php\/wp-json\/wp\/v2\/users\/1"}],"replies":[{"embeddable":true,"href":"http:\/\/iatels.com\/index.php\/wp-json\/wp\/v2\/comments?post=1577"}],"version-history":[{"count":4,"href":"http:\/\/iatels.com\/index.php\/wp-json\/wp\/v2\/pages\/1577\/revisions"}],"predecessor-version":[{"id":1584,"href":"http:\/\/iatels.com\/index.php\/wp-json\/wp\/v2\/pages\/1577\/revisions\/1584"}],"wp:attachment":[{"href":"http:\/\/iatels.com\/index.php\/wp-json\/wp\/v2\/media?parent=1577"}],"curies":[{"name":"wp","href":"https:\/\/api.w.org\/{rel}","templated":true}]}}